{"id":142,"date":"2025-11-14T08:43:56","date_gmt":"2025-11-14T08:43:56","guid":{"rendered":"http:\/\/beta1.sokrator.net\/?page_id=142"},"modified":"2025-11-14T09:55:08","modified_gmt":"2025-11-14T09:55:08","slug":"cookies-policy","status":"publish","type":"page","link":"https:\/\/spainformatica.com\/en\/cookies-policy\/","title":{"rendered":"Cookies Policy"},"content":{"rendered":"<p>[et_pb_section fb_built=\u00bb1&#8243; _builder_version=\u00bb4.27.4&#8243; _module_preset=\u00bbdefault\u00bb global_colors_info=\u00bb{}\u00bb][et_pb_row _builder_version=\u00bb4.27.4&#8243; _module_preset=\u00bbdefault\u00bb global_colors_info=\u00bb{}\u00bb][et_pb_column type=\u00bb4_4&#8243; _builder_version=\u00bb4.27.4&#8243; _module_preset=\u00bbdefault\u00bb global_colors_info=\u00bb{}\u00bb][et_pb_heading title=\u00bbPol\u00edtica de cookies\u00bb _builder_version=\u00bb4.27.4&#8243; _module_preset=\u00bbdefault\u00bb global_colors_info=\u00bb{}\u00bb][\/et_pb_heading][et_pb_text _builder_version=\u00bb4.27.4&#8243; _module_preset=\u00bbdefault\u00bb global_colors_info=\u00bb{}\u00bb]<\/p>\n<div class=\"et_pb_module et_pb_text et_pb_text_0  et_pb_text_align_left et_pb_bg_layout_light\">\n<div class=\"et_pb_text_inner\">\n<p><strong>\u00bfQu\u00e9 son las cookies?<\/strong><br \/>\nUna cookie es un archivo o dispositivo que se descarga en el equipo terminal de un usuario con la finalidad de almacenar datos que pueden ser actualizados y recuperados por la entidad responsable de su instalaci\u00f3n. Las cookies permiten almacenar y recuperar informaci\u00f3n sobre los h\u00e1bitos de navegaci\u00f3n de un usuario o de su dispositivo y, dependiendo de la informaci\u00f3n que contengan, pueden utilizarse para reconocer al usuario.<\/p>\n<p><strong>Sus principales funciones son:<\/strong><\/p>\n<ul>\n<li><strong>Seguimiento de usuarios:<\/strong><span> <\/span>Cuando un usuario introduce su nombre de usuario y contrase\u00f1a, se almacena una cookie para que no tenga que volver a introducir esta informaci\u00f3n en cada p\u00e1gina del servidor. Una cookie identifica la combinaci\u00f3n de ordenador, navegador y usuario.<\/li>\n<li><strong>Obtenci\u00f3n de informaci\u00f3n sobre los h\u00e1bitos de navegaci\u00f3n:<\/strong><span> <\/span>Las cookies pueden recopilar informaci\u00f3n sobre los h\u00e1bitos de navegaci\u00f3n del usuario y, en algunos casos, pueden ser utilizadas por agencias de publicidad u otros programas, generando preocupaciones sobre la privacidad.<\/li>\n<\/ul>\n<p><strong>Tipos de cookies<\/strong>: Las cookies se clasifican seg\u00fan su finalidad:<\/p>\n<ul>\n<li><strong>Cookies de an\u00e1lisis:<\/strong><span> <\/span>Analizan el comportamiento y acciones de los usuarios en un sitio web para mejorar la funcionalidad t\u00e9cnica y el servicio.<\/li>\n<li><strong>Cookies publicitarias:<\/strong><span> <\/span>Gestionan espacios publicitarios seg\u00fan criterios espec\u00edficos, como verificar si un usuario ha visto un contenido antes de mostrar nuevos anuncios.<\/li>\n<li><strong>Cookies de publicidad comportamental:<\/strong><span> <\/span>Almacenan informaci\u00f3n sobre el comportamiento del usuario para crear perfiles personalizados y mostrar publicidad adaptada.<\/li>\n<\/ul>\n<p>Si desean m\u00e1s informaci\u00f3n sobre las cookies, pueden visitar:<span> <\/span><a href=\"http:\/\/www.aboutcookies.org\/\"><span>http:\/\/www.aboutcookies.org\/<\/span><\/a>.<\/p>\n<p><strong>Cookies utilizadas en este sitio web:<\/strong><span> <\/span>Este sitio web utiliza cookies para facilitar la navegaci\u00f3n, garantizar el acceso a ciertos servicios y mejorar la configuraci\u00f3n funcional.<\/p>\n<\/div>\n<\/div>\n<div class=\"et_pb_module et_pb_text et_pb_text_1  et_pb_text_align_left et_pb_bg_layout_light\">\n<div class=\"et_pb_text_inner\">\n<table border=\"1\">\n<tbody>\n<tr>\n<td>Tipo<\/td>\n<td> Nombre<\/td>\n<td> Sesi\u00f3n\/Persistente<\/td>\n<td>Propiedades<\/td>\n<\/tr>\n<tr>\n<td>An\u00e1lisis<\/td>\n<td><span>__ga<\/span><\/td>\n<td><span>Sesi\u00f3n<\/span><\/td>\n<td><span>De terceros<\/span><\/td>\n<\/tr>\n<tr>\n<td>An\u00e1lisis<\/td>\n<td><span>cookie-agreed-es<\/span><\/td>\n<td><span>Persistente<\/span><\/td>\n<td><span>Propietario<\/span><\/td>\n<\/tr>\n<tr>\n<td>An\u00e1lisis<\/td>\n<td><span>__gid<\/span><\/td>\n<td><span>Sesi\u00f3n<\/span><\/td>\n<td><span>De terceros<\/span><\/td>\n<\/tr>\n<tr>\n<td>An\u00e1lisis<\/td>\n<td><span>intermatia-_zldp<\/span><\/td>\n<td><span>Sesi\u00f3n<\/span><\/td>\n<td><span>De terceros<\/span><\/td>\n<\/tr>\n<tr>\n<td>An\u00e1lisis<\/td>\n<td><span>intermatia-_zldt<\/span><\/td>\n<td><span>Sesi\u00f3n<\/span><\/td>\n<td><span>De terceros<\/span><\/td>\n<\/tr>\n<\/tbody>\n<\/table>\n<p><strong><br \/>\nC\u00f3mo gestionar la configuraci\u00f3n de cookies<\/strong><br \/>\nEsta secci\u00f3n proporciona una breve explicaci\u00f3n sobre c\u00f3mo ver y gestionar la configuraci\u00f3n de cookies en algunos de los navegadores m\u00e1s comunes:<\/p>\n<ul>\n<li>Google Chrome<\/li>\n<li>Mozilla Firefox<\/li>\n<li>Internet Explorer<\/li>\n<\/ul>\n<p>Los usuarios pueden permitir, bloquear o eliminar las cookies modificando la configuraci\u00f3n del navegador. Normalmente, esta opci\u00f3n se encuentra en el men\u00fa de \u00abPreferencias\u00bb o \u00abHerramientas\u00bb del navegador. Tambi\u00e9n pueden consultar la secci\u00f3n de ayuda del navegador para resolver dudas.<br \/>\nBloquear todas las cookies puede afectar el contenido del sitio web y algunas funcionalidades o servicios proporcionados.<\/p>\n<\/div>\n<\/div>\n<p>[\/et_pb_text][\/et_pb_column][\/et_pb_row][\/et_pb_section]<\/p>\n","protected":false},"excerpt":{"rendered":"<p>\u00bfQu\u00e9 son las cookies? Una cookie es un archivo o dispositivo que se descarga en el equipo terminal de un usuario con la finalidad de almacenar datos que pueden ser actualizados y recuperados por la entidad responsable de su instalaci\u00f3n. Las cookies permiten almacenar y recuperar informaci\u00f3n sobre los h\u00e1bitos de navegaci\u00f3n de un usuario [&hellip;]<\/p>\n","protected":false},"author":1,"featured_media":0,"parent":0,"menu_order":0,"comment_status":"closed","ping_status":"closed","template":"","meta":{"_et_pb_use_builder":"on","_et_pb_old_content":"","_et_gb_content_width":"","footnotes":""},"class_list":["post-142","page","type-page","status-publish","hentry"],"yoast_head":"<!-- This site is optimized with the Yoast SEO plugin v27.3 - https:\/\/yoast.com\/product\/yoast-seo-wordpress\/ -->\n<title>Cookies Policy - Master<\/title>\n<meta name=\"robots\" content=\"index, follow, max-snippet:-1, max-image-preview:large, max-video-preview:-1\" \/>\n<link rel=\"canonical\" href=\"https:\/\/spainformatica.com\/en\/cookies-policy\/\" \/>\n<meta property=\"og:locale\" content=\"en_US\" \/>\n<meta property=\"og:type\" content=\"article\" \/>\n<meta property=\"og:title\" content=\"Cookies Policy - Master\" \/>\n<meta property=\"og:description\" content=\"\u00bfQu\u00e9 son las cookies? Una cookie es un archivo o dispositivo que se descarga en el equipo terminal de un usuario con la finalidad de almacenar datos que pueden ser actualizados y recuperados por la entidad responsable de su instalaci\u00f3n. Las cookies permiten almacenar y recuperar informaci\u00f3n sobre los h\u00e1bitos de navegaci\u00f3n de un usuario [&hellip;]\" \/>\n<meta property=\"og:url\" content=\"https:\/\/spainformatica.com\/en\/cookies-policy\/\" \/>\n<meta property=\"og:site_name\" content=\"Master\" \/>\n<meta property=\"article:modified_time\" content=\"2025-11-14T09:55:08+00:00\" \/>\n<meta name=\"twitter:card\" content=\"summary_large_image\" \/>\n<script type=\"application\/ld+json\" class=\"yoast-schema-graph\">{\"@context\":\"https:\\\/\\\/schema.org\",\"@graph\":[{\"@type\":\"WebPage\",\"@id\":\"https:\\\/\\\/spainformatica.com\\\/cookies-policy\\\/\",\"url\":\"https:\\\/\\\/spainformatica.com\\\/cookies-policy\\\/\",\"name\":\"Cookies Policy - Master\",\"isPartOf\":{\"@id\":\"https:\\\/\\\/spainformatica.com\\\/#website\"},\"datePublished\":\"2025-11-14T08:43:56+00:00\",\"dateModified\":\"2025-11-14T09:55:08+00:00\",\"breadcrumb\":{\"@id\":\"https:\\\/\\\/spainformatica.com\\\/cookies-policy\\\/#breadcrumb\"},\"inLanguage\":\"en-US\",\"potentialAction\":[{\"@type\":\"ReadAction\",\"target\":[\"https:\\\/\\\/spainformatica.com\\\/cookies-policy\\\/\"]}]},{\"@type\":\"BreadcrumbList\",\"@id\":\"https:\\\/\\\/spainformatica.com\\\/cookies-policy\\\/#breadcrumb\",\"itemListElement\":[{\"@type\":\"ListItem\",\"position\":1,\"name\":\"Home\",\"item\":\"https:\\\/\\\/spainformatica.com\\\/\"},{\"@type\":\"ListItem\",\"position\":2,\"name\":\"Cookies Policy\"}]},{\"@type\":\"WebSite\",\"@id\":\"https:\\\/\\\/spainformatica.com\\\/#website\",\"url\":\"https:\\\/\\\/spainformatica.com\\\/\",\"name\":\"Master\",\"description\":\"\",\"potentialAction\":[{\"@type\":\"SearchAction\",\"target\":{\"@type\":\"EntryPoint\",\"urlTemplate\":\"https:\\\/\\\/spainformatica.com\\\/?s={search_term_string}\"},\"query-input\":{\"@type\":\"PropertyValueSpecification\",\"valueRequired\":true,\"valueName\":\"search_term_string\"}}],\"inLanguage\":\"en-US\"}]}<\/script>\n<!-- \/ Yoast SEO plugin. -->","yoast_head_json":{"title":"Cookies Policy - Master","robots":{"index":"index","follow":"follow","max-snippet":"max-snippet:-1","max-image-preview":"max-image-preview:large","max-video-preview":"max-video-preview:-1"},"canonical":"https:\/\/spainformatica.com\/en\/cookies-policy\/","og_locale":"en_US","og_type":"article","og_title":"Cookies Policy - Master","og_description":"\u00bfQu\u00e9 son las cookies? Una cookie es un archivo o dispositivo que se descarga en el equipo terminal de un usuario con la finalidad de almacenar datos que pueden ser actualizados y recuperados por la entidad responsable de su instalaci\u00f3n. Las cookies permiten almacenar y recuperar informaci\u00f3n sobre los h\u00e1bitos de navegaci\u00f3n de un usuario [&hellip;]","og_url":"https:\/\/spainformatica.com\/en\/cookies-policy\/","og_site_name":"Master","article_modified_time":"2025-11-14T09:55:08+00:00","twitter_card":"summary_large_image","schema":{"@context":"https:\/\/schema.org","@graph":[{"@type":"WebPage","@id":"https:\/\/spainformatica.com\/cookies-policy\/","url":"https:\/\/spainformatica.com\/cookies-policy\/","name":"Cookies Policy - Master","isPartOf":{"@id":"https:\/\/spainformatica.com\/#website"},"datePublished":"2025-11-14T08:43:56+00:00","dateModified":"2025-11-14T09:55:08+00:00","breadcrumb":{"@id":"https:\/\/spainformatica.com\/cookies-policy\/#breadcrumb"},"inLanguage":"en-US","potentialAction":[{"@type":"ReadAction","target":["https:\/\/spainformatica.com\/cookies-policy\/"]}]},{"@type":"BreadcrumbList","@id":"https:\/\/spainformatica.com\/cookies-policy\/#breadcrumb","itemListElement":[{"@type":"ListItem","position":1,"name":"Home","item":"https:\/\/spainformatica.com\/"},{"@type":"ListItem","position":2,"name":"Cookies Policy"}]},{"@type":"WebSite","@id":"https:\/\/spainformatica.com\/#website","url":"https:\/\/spainformatica.com\/","name":"Master","description":"","potentialAction":[{"@type":"SearchAction","target":{"@type":"EntryPoint","urlTemplate":"https:\/\/spainformatica.com\/?s={search_term_string}"},"query-input":{"@type":"PropertyValueSpecification","valueRequired":true,"valueName":"search_term_string"}}],"inLanguage":"en-US"}]}},"_links":{"self":[{"href":"https:\/\/spainformatica.com\/en\/wp-json\/wp\/v2\/pages\/142","targetHints":{"allow":["GET"]}}],"collection":[{"href":"https:\/\/spainformatica.com\/en\/wp-json\/wp\/v2\/pages"}],"about":[{"href":"https:\/\/spainformatica.com\/en\/wp-json\/wp\/v2\/types\/page"}],"author":[{"embeddable":true,"href":"https:\/\/spainformatica.com\/en\/wp-json\/wp\/v2\/users\/1"}],"replies":[{"embeddable":true,"href":"https:\/\/spainformatica.com\/en\/wp-json\/wp\/v2\/comments?post=142"}],"version-history":[{"count":3,"href":"https:\/\/spainformatica.com\/en\/wp-json\/wp\/v2\/pages\/142\/revisions"}],"predecessor-version":[{"id":158,"href":"https:\/\/spainformatica.com\/en\/wp-json\/wp\/v2\/pages\/142\/revisions\/158"}],"wp:attachment":[{"href":"https:\/\/spainformatica.com\/en\/wp-json\/wp\/v2\/media?parent=142"}],"curies":[{"name":"wp","href":"https:\/\/api.w.org\/{rel}","templated":true}]}}