{"id":147,"date":"2025-11-14T09:00:55","date_gmt":"2025-11-14T09:00:55","guid":{"rendered":"http:\/\/beta1.sokrator.net\/?page_id=147"},"modified":"2025-11-14T10:03:45","modified_gmt":"2025-11-14T10:03:45","slug":"avis-legal","status":"publish","type":"page","link":"https:\/\/spainformatica.com\/en\/avis-legal\/","title":{"rendered":"Avis Legal"},"content":{"rendered":"<p>[et_pb_section fb_built=\u00bb1&#8243; _builder_version=\u00bb4.27.4&#8243; _module_preset=\u00bbdefault\u00bb global_colors_info=\u00bb{}\u00bb][et_pb_row _builder_version=\u00bb4.27.4&#8243; _module_preset=\u00bbdefault\u00bb global_colors_info=\u00bb{}\u00bb][et_pb_column type=\u00bb4_4&#8243; _builder_version=\u00bb4.27.4&#8243; _module_preset=\u00bbdefault\u00bb global_colors_info=\u00bb{}\u00bb][et_pb_heading title=\u00bbAviso Legal\u00bb _builder_version=\u00bb4.27.4&#8243; _module_preset=\u00bbdefault\u00bb global_colors_info=\u00bb{}\u00bb][\/et_pb_heading][et_pb_text _builder_version=\u00bb4.27.4&#8243; _module_preset=\u00bbdefault\u00bb global_colors_info=\u00bb{}\u00bb]<\/p>\n<p>1. Informaci\u00f3n general<br \/>Nombre de la empresa: Spa Inform\u00e1tica<br \/>Direcci\u00f3n: Av. de la Constituci\u00f3n, 6, 18600 Motril, Granada<br \/>Tel\u00e9fono: 958 83 35 66<br \/>Correo electr\u00f3nico: info@spainformatica.com<\/p>\n<p>2. Finalidad del tratamiento de datos<br \/>Los datos personales recogidos ser\u00e1n utilizados para:<br \/>Atender consultas y solicitudes de informaci\u00f3n.<br \/>Gestionar pedidos y servicios de reparaci\u00f3n y mantenimiento inform\u00e1tico.<br \/>Enviar comunicaciones comerciales relacionadas con nuestros servicios.<\/p>\n<p>3. Derechos de los usuarios<br \/>Los usuarios pueden ejercer sus derechos de acceso, rectificaci\u00f3n, cancelaci\u00f3n y oposici\u00f3n mediante solicitud escrita a la direcci\u00f3n de correo electr\u00f3nico proporcionada anteriormente.<\/p>\n<p>4. Seguridad de los datos<br \/>Implementamos medidas de seguridad para proteger los datos personales contra el acceso no autorizado, la divulgaci\u00f3n, la modificaci\u00f3n o la destrucci\u00f3n.<\/p>\n<p>5. Pol\u00edtica de cookies<br \/>Utilizamos cookies para mejorar la experiencia del usuario en nuestro sitio web. Los usuarios pueden configurar su navegador para aceptar o rechazar las cookies.<\/p>\n<p>6. Modificaciones de la pol\u00edtica de privacidad<br \/>Nos reservamos el derecho de modificar esta pol\u00edtica de privacidad en cualquier momento. Las modificaciones ser\u00e1n publicadas en nuestro sitio web.<\/p>\n<p>7. Contacto<br \/>Para cualquier duda o consulta sobre esta pol\u00edtica de privacidad, puede contactarnos a info@spainformatica.com<\/p>\n<p>[\/et_pb_text][\/et_pb_column][\/et_pb_row][\/et_pb_section]<\/p>\n","protected":false},"excerpt":{"rendered":"<p>1. Informaci\u00f3n generalNombre de la empresa: Spa Inform\u00e1ticaDirecci\u00f3n: Av. de la Constituci\u00f3n, 6, 18600 Motril, GranadaTel\u00e9fono: 958 83 35 66Correo electr\u00f3nico: info@spainformatica.com 2. Finalidad del tratamiento de datosLos datos personales recogidos ser\u00e1n utilizados para:Atender consultas y solicitudes de informaci\u00f3n.Gestionar pedidos y servicios de reparaci\u00f3n y mantenimiento inform\u00e1tico.Enviar comunicaciones comerciales relacionadas con nuestros servicios. 3. Derechos [&hellip;]<\/p>\n","protected":false},"author":1,"featured_media":0,"parent":0,"menu_order":0,"comment_status":"closed","ping_status":"closed","template":"","meta":{"_et_pb_use_builder":"on","_et_pb_old_content":"","_et_gb_content_width":"","footnotes":""},"class_list":["post-147","page","type-page","status-publish","hentry"],"yoast_head":"<!-- This site is optimized with the Yoast SEO plugin v27.3 - https:\/\/yoast.com\/product\/yoast-seo-wordpress\/ -->\n<title>Avis Legal - Master<\/title>\n<meta name=\"robots\" content=\"index, follow, max-snippet:-1, max-image-preview:large, max-video-preview:-1\" \/>\n<link rel=\"canonical\" href=\"https:\/\/spainformatica.com\/en\/avis-legal\/\" \/>\n<meta property=\"og:locale\" content=\"en_US\" \/>\n<meta property=\"og:type\" content=\"article\" \/>\n<meta property=\"og:title\" content=\"Avis Legal - Master\" \/>\n<meta property=\"og:description\" content=\"1. Informaci\u00f3n generalNombre de la empresa: Spa Inform\u00e1ticaDirecci\u00f3n: Av. de la Constituci\u00f3n, 6, 18600 Motril, GranadaTel\u00e9fono: 958 83 35 66Correo electr\u00f3nico: info@spainformatica.com 2. Finalidad del tratamiento de datosLos datos personales recogidos ser\u00e1n utilizados para:Atender consultas y solicitudes de informaci\u00f3n.Gestionar pedidos y servicios de reparaci\u00f3n y mantenimiento inform\u00e1tico.Enviar comunicaciones comerciales relacionadas con nuestros servicios. 3. Derechos [&hellip;]\" \/>\n<meta property=\"og:url\" content=\"https:\/\/spainformatica.com\/en\/avis-legal\/\" \/>\n<meta property=\"og:site_name\" content=\"Master\" \/>\n<meta property=\"article:modified_time\" content=\"2025-11-14T10:03:45+00:00\" \/>\n<meta name=\"twitter:card\" content=\"summary_large_image\" \/>\n<script type=\"application\/ld+json\" class=\"yoast-schema-graph\">{\"@context\":\"https:\\\/\\\/schema.org\",\"@graph\":[{\"@type\":\"WebPage\",\"@id\":\"https:\\\/\\\/spainformatica.com\\\/avis-legal\\\/\",\"url\":\"https:\\\/\\\/spainformatica.com\\\/avis-legal\\\/\",\"name\":\"Avis Legal - Master\",\"isPartOf\":{\"@id\":\"https:\\\/\\\/spainformatica.com\\\/#website\"},\"datePublished\":\"2025-11-14T09:00:55+00:00\",\"dateModified\":\"2025-11-14T10:03:45+00:00\",\"breadcrumb\":{\"@id\":\"https:\\\/\\\/spainformatica.com\\\/avis-legal\\\/#breadcrumb\"},\"inLanguage\":\"en-US\",\"potentialAction\":[{\"@type\":\"ReadAction\",\"target\":[\"https:\\\/\\\/spainformatica.com\\\/avis-legal\\\/\"]}]},{\"@type\":\"BreadcrumbList\",\"@id\":\"https:\\\/\\\/spainformatica.com\\\/avis-legal\\\/#breadcrumb\",\"itemListElement\":[{\"@type\":\"ListItem\",\"position\":1,\"name\":\"Home\",\"item\":\"https:\\\/\\\/spainformatica.com\\\/\"},{\"@type\":\"ListItem\",\"position\":2,\"name\":\"Avis Legal\"}]},{\"@type\":\"WebSite\",\"@id\":\"https:\\\/\\\/spainformatica.com\\\/#website\",\"url\":\"https:\\\/\\\/spainformatica.com\\\/\",\"name\":\"Master\",\"description\":\"\",\"potentialAction\":[{\"@type\":\"SearchAction\",\"target\":{\"@type\":\"EntryPoint\",\"urlTemplate\":\"https:\\\/\\\/spainformatica.com\\\/?s={search_term_string}\"},\"query-input\":{\"@type\":\"PropertyValueSpecification\",\"valueRequired\":true,\"valueName\":\"search_term_string\"}}],\"inLanguage\":\"en-US\"}]}<\/script>\n<!-- \/ Yoast SEO plugin. -->","yoast_head_json":{"title":"Avis Legal - Master","robots":{"index":"index","follow":"follow","max-snippet":"max-snippet:-1","max-image-preview":"max-image-preview:large","max-video-preview":"max-video-preview:-1"},"canonical":"https:\/\/spainformatica.com\/en\/avis-legal\/","og_locale":"en_US","og_type":"article","og_title":"Avis Legal - Master","og_description":"1. Informaci\u00f3n generalNombre de la empresa: Spa Inform\u00e1ticaDirecci\u00f3n: Av. de la Constituci\u00f3n, 6, 18600 Motril, GranadaTel\u00e9fono: 958 83 35 66Correo electr\u00f3nico: info@spainformatica.com 2. Finalidad del tratamiento de datosLos datos personales recogidos ser\u00e1n utilizados para:Atender consultas y solicitudes de informaci\u00f3n.Gestionar pedidos y servicios de reparaci\u00f3n y mantenimiento inform\u00e1tico.Enviar comunicaciones comerciales relacionadas con nuestros servicios. 3. Derechos [&hellip;]","og_url":"https:\/\/spainformatica.com\/en\/avis-legal\/","og_site_name":"Master","article_modified_time":"2025-11-14T10:03:45+00:00","twitter_card":"summary_large_image","schema":{"@context":"https:\/\/schema.org","@graph":[{"@type":"WebPage","@id":"https:\/\/spainformatica.com\/avis-legal\/","url":"https:\/\/spainformatica.com\/avis-legal\/","name":"Avis Legal - Master","isPartOf":{"@id":"https:\/\/spainformatica.com\/#website"},"datePublished":"2025-11-14T09:00:55+00:00","dateModified":"2025-11-14T10:03:45+00:00","breadcrumb":{"@id":"https:\/\/spainformatica.com\/avis-legal\/#breadcrumb"},"inLanguage":"en-US","potentialAction":[{"@type":"ReadAction","target":["https:\/\/spainformatica.com\/avis-legal\/"]}]},{"@type":"BreadcrumbList","@id":"https:\/\/spainformatica.com\/avis-legal\/#breadcrumb","itemListElement":[{"@type":"ListItem","position":1,"name":"Home","item":"https:\/\/spainformatica.com\/"},{"@type":"ListItem","position":2,"name":"Avis Legal"}]},{"@type":"WebSite","@id":"https:\/\/spainformatica.com\/#website","url":"https:\/\/spainformatica.com\/","name":"Master","description":"","potentialAction":[{"@type":"SearchAction","target":{"@type":"EntryPoint","urlTemplate":"https:\/\/spainformatica.com\/?s={search_term_string}"},"query-input":{"@type":"PropertyValueSpecification","valueRequired":true,"valueName":"search_term_string"}}],"inLanguage":"en-US"}]}},"_links":{"self":[{"href":"https:\/\/spainformatica.com\/en\/wp-json\/wp\/v2\/pages\/147","targetHints":{"allow":["GET"]}}],"collection":[{"href":"https:\/\/spainformatica.com\/en\/wp-json\/wp\/v2\/pages"}],"about":[{"href":"https:\/\/spainformatica.com\/en\/wp-json\/wp\/v2\/types\/page"}],"author":[{"embeddable":true,"href":"https:\/\/spainformatica.com\/en\/wp-json\/wp\/v2\/users\/1"}],"replies":[{"embeddable":true,"href":"https:\/\/spainformatica.com\/en\/wp-json\/wp\/v2\/comments?post=147"}],"version-history":[{"count":3,"href":"https:\/\/spainformatica.com\/en\/wp-json\/wp\/v2\/pages\/147\/revisions"}],"predecessor-version":[{"id":163,"href":"https:\/\/spainformatica.com\/en\/wp-json\/wp\/v2\/pages\/147\/revisions\/163"}],"wp:attachment":[{"href":"https:\/\/spainformatica.com\/en\/wp-json\/wp\/v2\/media?parent=147"}],"curies":[{"name":"wp","href":"https:\/\/api.w.org\/{rel}","templated":true}]}}